{"id":618,"date":"2022-06-03T14:01:46","date_gmt":"2022-06-03T19:01:46","guid":{"rendered":"https:\/\/mmatt.mx\/?page_id=618"},"modified":"2023-02-10T13:22:04","modified_gmt":"2023-02-10T19:22:04","slug":"noticias","status":"publish","type":"page","link":"https:\/\/mmatt.mx\/en\/noticias\/","title":{"rendered":"News"},"content":{"rendered":"<div data-elementor-type=\"wp-page\" data-elementor-id=\"618\" class=\"elementor elementor-618\" data-elementor-post-type=\"page\">\n\t\t\t\t\t\t<section class=\"elementor-section elementor-top-section elementor-element elementor-element-6662b5c elementor-section-boxed elementor-section-height-default elementor-section-height-default\" data-id=\"6662b5c\" data-element_type=\"section\" data-settings=\"{&quot;background_background&quot;:&quot;classic&quot;}\">\n\t\t\t\t\t\t\t<div class=\"elementor-background-overlay\"><\/div>\n\t\t\t\t\t\t\t<div class=\"elementor-container elementor-column-gap-default\">\n\t\t\t\t\t<div class=\"elementor-column elementor-col-100 elementor-top-column elementor-element elementor-element-d6ab006\" data-id=\"d6ab006\" data-element_type=\"column\">\n\t\t\t<div class=\"elementor-widget-wrap elementor-element-populated\">\n\t\t\t\t\t\t<div class=\"elementor-element elementor-element-e32072a elementor-widget elementor-widget-heading\" data-id=\"e32072a\" data-element_type=\"widget\" data-widget_type=\"heading.default\">\n\t\t\t\t<div class=\"elementor-widget-container\">\n\t\t\t<h2 class=\"elementor-heading-title elementor-size-default\">WE ARE MMATT<\/h2>\t\t<\/div>\n\t\t\t\t<\/div>\n\t\t\t\t<div class=\"elementor-element elementor-element-ecfc9bb elementor-widget elementor-widget-heading\" data-id=\"ecfc9bb\" data-element_type=\"widget\" data-widget_type=\"heading.default\">\n\t\t\t\t<div class=\"elementor-widget-container\">\n\t\t\t<h6 class=\"elementor-heading-title elementor-size-default\">- News -<\/h6>\t\t<\/div>\n\t\t\t\t<\/div>\n\t\t\t\t\t<\/div>\n\t\t<\/div>\n\t\t\t\t\t<\/div>\n\t\t<\/section>\n\t\t\t\t<section class=\"elementor-section elementor-top-section elementor-element elementor-element-1851458 elementor-section-boxed elementor-section-height-default elementor-section-height-default\" data-id=\"1851458\" data-element_type=\"section\">\n\t\t\t\t\t\t<div class=\"elementor-container elementor-column-gap-default\">\n\t\t\t\t\t<div class=\"elementor-column elementor-col-100 elementor-top-column elementor-element elementor-element-1dd358e\" data-id=\"1dd358e\" data-element_type=\"column\">\n\t\t\t<div class=\"elementor-widget-wrap elementor-element-populated\">\n\t\t\t\t\t\t<div class=\"elementor-element elementor-element-78ba1ef elementor-grid-3 elementor-grid-tablet-2 elementor-grid-mobile-1 elementor-posts--thumbnail-top elementor-widget elementor-widget-posts\" data-id=\"78ba1ef\" data-element_type=\"widget\" data-settings=\"{&quot;classic_columns&quot;:&quot;3&quot;,&quot;classic_columns_tablet&quot;:&quot;2&quot;,&quot;classic_columns_mobile&quot;:&quot;1&quot;,&quot;classic_row_gap&quot;:{&quot;unit&quot;:&quot;px&quot;,&quot;size&quot;:35,&quot;sizes&quot;:[]},&quot;classic_row_gap_tablet&quot;:{&quot;unit&quot;:&quot;px&quot;,&quot;size&quot;:&quot;&quot;,&quot;sizes&quot;:[]},&quot;classic_row_gap_mobile&quot;:{&quot;unit&quot;:&quot;px&quot;,&quot;size&quot;:&quot;&quot;,&quot;sizes&quot;:[]}}\" data-widget_type=\"posts.classic\">\n\t\t\t\t<div class=\"elementor-widget-container\">\n\t\t\t\t\t<div class=\"elementor-posts-container elementor-posts elementor-posts--skin-classic elementor-grid\">\n\t\t\t\t<article class=\"elementor-post elementor-grid-item post-1358 post type-post status-publish format-standard has-post-thumbnail hentry category-noticias tag-bienal-de-arquitectura tag-biennale tag-venecia tag-venice\">\n\t\t\t\t<a class=\"elementor-post__thumbnail__link\" href=\"https:\/\/mmatt.mx\/en\/todo-acerca-de-la-venice-architecture-biennale-de-2023\/\" tabindex=\"-1\" >\n\t\t\t<div class=\"elementor-post__thumbnail\"><img fetchpriority=\"high\" decoding=\"async\" width=\"300\" height=\"219\" src=\"https:\/\/mmatt.mx\/wp-content\/uploads\/2023\/08\/biennale-2023-e1679928013260-300x219.jpeg\" class=\"attachment-medium size-medium wp-image-1360\" alt=\"Biennale de Arquitectura\" srcset=\"https:\/\/mmatt.mx\/wp-content\/uploads\/2023\/08\/biennale-2023-e1679928013260-300x219.jpeg 300w, https:\/\/mmatt.mx\/wp-content\/uploads\/2023\/08\/biennale-2023-e1679928013260-1024x746.jpeg 1024w, https:\/\/mmatt.mx\/wp-content\/uploads\/2023\/08\/biennale-2023-e1679928013260-768x560.jpeg 768w, https:\/\/mmatt.mx\/wp-content\/uploads\/2023\/08\/biennale-2023-e1679928013260-82x60.jpeg 82w, https:\/\/mmatt.mx\/wp-content\/uploads\/2023\/08\/biennale-2023-e1679928013260.jpeg 1098w\" sizes=\"(max-width: 300px) 100vw, 300px\" \/><\/div>\n\t\t<\/a>\n\t\t\t\t<div class=\"elementor-post__text\">\n\t\t\t\t<h3 class=\"elementor-post__title\">\n\t\t\t<a href=\"https:\/\/mmatt.mx\/en\/todo-acerca-de-la-venice-architecture-biennale-de-2023\/\" >\n\t\t\t\tTodo acerca de la Venice Architecture Biennale de 2023\t\t\t<\/a>\n\t\t<\/h3>\n\t\t\t\t<div class=\"elementor-post__excerpt\">\n\t\t\t<p>La Venice Architecture Biennale o la Bienal de Venecia de Arquitectura es uno de los eventos m\u00e1s importantes para la profesi\u00f3n. Se ha celebrado desde hace m\u00e1s de 40 a\u00f1os y es un espacio tanto para j\u00f3venes arquitectos como consagrados. Fechas de la Venice Architecture Biennale de 2023 El evento se va a celebrar del<\/p>\n\t\t<\/div>\n\t\t\n\t\t<a class=\"elementor-post__read-more\" href=\"https:\/\/mmatt.mx\/en\/todo-acerca-de-la-venice-architecture-biennale-de-2023\/\" aria-label=\"Read more about Todo acerca de la Venice Architecture Biennale de 2023\" tabindex=\"-1\" >\n\t\t\tLeer m\u00e1s &gt;\t\t<\/a>\n\n\t\t\t\t<\/div>\n\t\t\t\t<\/article>\n\t\t\t\t<article class=\"elementor-post elementor-grid-item post-1271 post type-post status-publish format-standard has-post-thumbnail hentry category-noticias\">\n\t\t\t\t<a class=\"elementor-post__thumbnail__link\" href=\"https:\/\/mmatt.mx\/en\/mmatt-en-la-revista-arqs\/\" tabindex=\"-1\" >\n\t\t\t<div class=\"elementor-post__thumbnail\"><img decoding=\"async\" width=\"227\" height=\"300\" src=\"https:\/\/mmatt.mx\/wp-content\/uploads\/2023\/02\/mmatt_2-227x300.png\" class=\"attachment-medium size-medium wp-image-1272\" alt=\"\" srcset=\"https:\/\/mmatt.mx\/wp-content\/uploads\/2023\/02\/mmatt_2-227x300.png 227w, https:\/\/mmatt.mx\/wp-content\/uploads\/2023\/02\/mmatt_2-9x12.png 9w, https:\/\/mmatt.mx\/wp-content\/uploads\/2023\/02\/mmatt_2-45x60.png 45w, https:\/\/mmatt.mx\/wp-content\/uploads\/2023\/02\/mmatt_2.png 522w\" sizes=\"(max-width: 227px) 100vw, 227px\" \/><\/div>\n\t\t<\/a>\n\t\t\t\t<div class=\"elementor-post__text\">\n\t\t\t\t<h3 class=\"elementor-post__title\">\n\t\t\t<a href=\"https:\/\/mmatt.mx\/en\/mmatt-en-la-revista-arqs\/\" >\n\t\t\t\tMMATT en la revista ARQ&amp;S\t\t\t<\/a>\n\t\t<\/h3>\n\t\t\t\t<div class=\"elementor-post__excerpt\">\n\t\t\t<p>Ref. Revista ARQ&amp;S No. 10. (2023, Enero). Issuu. https:\/\/issuu.com\/arqysmexico\/docs\/arq_s10 \u200c<\/p>\n\t\t<\/div>\n\t\t\n\t\t<a class=\"elementor-post__read-more\" href=\"https:\/\/mmatt.mx\/en\/mmatt-en-la-revista-arqs\/\" aria-label=\"Read more about MMATT en la revista ARQ&amp;S\" tabindex=\"-1\" >\n\t\t\tLeer m\u00e1s &gt;\t\t<\/a>\n\n\t\t\t\t<\/div>\n\t\t\t\t<\/article>\n\t\t\t\t<article class=\"elementor-post elementor-grid-item post-646 post type-post status-publish format-standard has-post-thumbnail hentry category-noticias\">\n\t\t\t\t<a class=\"elementor-post__thumbnail__link\" href=\"https:\/\/mmatt.mx\/en\/vi-encuentro-internacional-contract\/\" tabindex=\"-1\" >\n\t\t\t<div class=\"elementor-post__thumbnail\"><img decoding=\"async\" width=\"300\" height=\"225\" src=\"https:\/\/mmatt.mx\/wp-content\/uploads\/2022\/06\/IMG-20181113-WA0008-2-300x225.jpg\" class=\"attachment-medium size-medium wp-image-655\" alt=\"\" srcset=\"https:\/\/mmatt.mx\/wp-content\/uploads\/2022\/06\/IMG-20181113-WA0008-2-300x225.jpg 300w, https:\/\/mmatt.mx\/wp-content\/uploads\/2022\/06\/IMG-20181113-WA0008-2-1024x768.jpg 1024w, https:\/\/mmatt.mx\/wp-content\/uploads\/2022\/06\/IMG-20181113-WA0008-2-768x576.jpg 768w, https:\/\/mmatt.mx\/wp-content\/uploads\/2022\/06\/IMG-20181113-WA0008-2-80x60.jpg 80w, https:\/\/mmatt.mx\/wp-content\/uploads\/2022\/06\/IMG-20181113-WA0008-2.jpg 1280w\" sizes=\"(max-width: 300px) 100vw, 300px\" \/><\/div>\n\t\t<\/a>\n\t\t\t\t<div class=\"elementor-post__text\">\n\t\t\t\t<h3 class=\"elementor-post__title\">\n\t\t\t<a href=\"https:\/\/mmatt.mx\/en\/vi-encuentro-internacional-contract\/\" >\n\t\t\t\tVI INTERNATIONAL MEETING CONTRACT\t\t\t<\/a>\n\t\t<\/h3>\n\t\t\t\t<div class=\"elementor-post__excerpt\">\n\t\t\t<p>Andalusia November 12 \u2013 15, 2018 Extenda (Andalusian Foreign Promotion Agency) invited us to participate in the International Contract Meeting, based at the Valent\u00edn de Madariaga y Oya Foundation in Seville. Companies from the United States, Brazil, Panama and Costa Rica, in addition to four Mexicans, participated in this event: BGP ARQUITECTURA Mr. Bernardo<\/p>\n\t\t<\/div>\n\t\t\n\t\t<a class=\"elementor-post__read-more\" href=\"https:\/\/mmatt.mx\/en\/vi-encuentro-internacional-contract\/\" aria-label=\"Read more about VI ENCUENTRO INTERNACIONAL CONTRACT\" tabindex=\"-1\" >\n\t\t\tLeer m\u00e1s &gt;\t\t<\/a>\n\n\t\t\t\t<\/div>\n\t\t\t\t<\/article>\n\t\t\t\t<article class=\"elementor-post elementor-grid-item post-644 post type-post status-publish format-standard has-post-thumbnail hentry category-noticias\">\n\t\t\t\t<a class=\"elementor-post__thumbnail__link\" href=\"https:\/\/mmatt.mx\/en\/cevisama\/\" tabindex=\"-1\" >\n\t\t\t<div class=\"elementor-post__thumbnail\"><img decoding=\"async\" width=\"300\" height=\"225\" src=\"https:\/\/mmatt.mx\/wp-content\/uploads\/2022\/06\/IMG-20181113-WA0008-2-300x225.jpg\" class=\"attachment-medium size-medium wp-image-655\" alt=\"\" srcset=\"https:\/\/mmatt.mx\/wp-content\/uploads\/2022\/06\/IMG-20181113-WA0008-2-300x225.jpg 300w, https:\/\/mmatt.mx\/wp-content\/uploads\/2022\/06\/IMG-20181113-WA0008-2-1024x768.jpg 1024w, https:\/\/mmatt.mx\/wp-content\/uploads\/2022\/06\/IMG-20181113-WA0008-2-768x576.jpg 768w, https:\/\/mmatt.mx\/wp-content\/uploads\/2022\/06\/IMG-20181113-WA0008-2-80x60.jpg 80w, https:\/\/mmatt.mx\/wp-content\/uploads\/2022\/06\/IMG-20181113-WA0008-2.jpg 1280w\" sizes=\"(max-width: 300px) 100vw, 300px\" \/><\/div>\n\t\t<\/a>\n\t\t\t\t<div class=\"elementor-post__text\">\n\t\t\t\t<h3 class=\"elementor-post__title\">\n\t\t\t<a href=\"https:\/\/mmatt.mx\/en\/cevisama\/\" >\n\t\t\t\tCEVISAMA\t\t\t<\/a>\n\t\t<\/h3>\n\t\t\t\t<div class=\"elementor-post__excerpt\">\n\t\t\t<p>&nbsp;Valencia February 5 \u2013 9, 2018 We were invited to participate in the CEVISAMA Fair, located in Valencia, Spain. It is a fair of materials, finishes and bathroom accessories three times larger than the EXPO CIHAC (fair of the same theme held in CDMX). Our sponsor, AMEC (Multisectorial Association of Companies),<\/p>\n\t\t<\/div>\n\t\t\n\t\t<a class=\"elementor-post__read-more\" href=\"https:\/\/mmatt.mx\/en\/cevisama\/\" aria-label=\"Read more about CEVISAMA\" tabindex=\"-1\" >\n\t\t\tLeer m\u00e1s &gt;\t\t<\/a>\n\n\t\t\t\t<\/div>\n\t\t\t\t<\/article>\n\t\t\t\t<article class=\"elementor-post elementor-grid-item post-642 post type-post status-publish format-standard has-post-thumbnail hentry category-noticias\">\n\t\t\t\t<a class=\"elementor-post__thumbnail__link\" href=\"https:\/\/mmatt.mx\/en\/mmatt-arquitectos-en-el-festival-de-arquitectura\/\" tabindex=\"-1\" >\n\t\t\t<div class=\"elementor-post__thumbnail\"><img loading=\"lazy\" decoding=\"async\" width=\"180\" height=\"162\" src=\"https:\/\/mmatt.mx\/wp-content\/uploads\/2022\/06\/Captura-de-pantalla-2019-06-13-a-las-16.17.41.png\" class=\"attachment-medium size-medium wp-image-653\" alt=\"\" srcset=\"https:\/\/mmatt.mx\/wp-content\/uploads\/2022\/06\/Captura-de-pantalla-2019-06-13-a-las-16.17.41.png 180w, https:\/\/mmatt.mx\/wp-content\/uploads\/2022\/06\/Captura-de-pantalla-2019-06-13-a-las-16.17.41-67x60.png 67w\" sizes=\"(max-width: 180px) 100vw, 180px\" \/><\/div>\n\t\t<\/a>\n\t\t\t\t<div class=\"elementor-post__text\">\n\t\t\t\t<h3 class=\"elementor-post__title\">\n\t\t\t<a href=\"https:\/\/mmatt.mx\/en\/mmatt-arquitectos-en-el-festival-de-arquitectura\/\" >\n\t\t\t\tMMATT Architects at the Architecture Festival\t\t\t<\/a>\n\t\t<\/h3>\n\t\t\t\t<div class=\"elementor-post__excerpt\">\n\t\t\t<p>The F.A.E (Festival of Architecture in Spanish) celebrated its second consecutive year at the Centro Cultural Espa\u00f1a. The MMATT office was one of the guests, along with other architects with recognized international experience. Assisting in this way in technological innovation workshops, Workshop events and Masterclass programs, these Masterclasses were taught by different<\/p>\n\t\t<\/div>\n\t\t\n\t\t<a class=\"elementor-post__read-more\" href=\"https:\/\/mmatt.mx\/en\/mmatt-arquitectos-en-el-festival-de-arquitectura\/\" aria-label=\"Read more about MMATT Arquitectos en el Festival de Arquitectura\" tabindex=\"-1\" >\n\t\t\tLeer m\u00e1s &gt;\t\t<\/a>\n\n\t\t\t\t<\/div>\n\t\t\t\t<\/article>\n\t\t\t\t<article class=\"elementor-post elementor-grid-item post-640 post type-post status-publish format-standard has-post-thumbnail hentry category-noticias\">\n\t\t\t\t<a class=\"elementor-post__thumbnail__link\" href=\"https:\/\/mmatt.mx\/en\/mmatt-arquitectos-en-jalisco-radio-gdl\/\" tabindex=\"-1\" >\n\t\t\t<div class=\"elementor-post__thumbnail\"><img loading=\"lazy\" decoding=\"async\" width=\"300\" height=\"205\" src=\"https:\/\/mmatt.mx\/wp-content\/uploads\/2022\/06\/mmatt-arquitectos-en-jalisco-radio-300x205.jpg\" class=\"attachment-medium size-medium wp-image-651\" alt=\"\" srcset=\"https:\/\/mmatt.mx\/wp-content\/uploads\/2022\/06\/mmatt-arquitectos-en-jalisco-radio-300x205.jpg 300w, https:\/\/mmatt.mx\/wp-content\/uploads\/2022\/06\/mmatt-arquitectos-en-jalisco-radio-768x524.jpg 768w, https:\/\/mmatt.mx\/wp-content\/uploads\/2022\/06\/mmatt-arquitectos-en-jalisco-radio-88x60.jpg 88w, https:\/\/mmatt.mx\/wp-content\/uploads\/2022\/06\/mmatt-arquitectos-en-jalisco-radio-367x252.jpg 367w, https:\/\/mmatt.mx\/wp-content\/uploads\/2022\/06\/mmatt-arquitectos-en-jalisco-radio.jpg 1000w\" sizes=\"(max-width: 300px) 100vw, 300px\" \/><\/div>\n\t\t<\/a>\n\t\t\t\t<div class=\"elementor-post__text\">\n\t\t\t\t<h3 class=\"elementor-post__title\">\n\t\t\t<a href=\"https:\/\/mmatt.mx\/en\/mmatt-arquitectos-en-jalisco-radio-gdl\/\" >\n\t\t\t\tMMATT Architects in Jalisco Radio GDL\t\t\t<\/a>\n\t\t<\/h3>\n\t\t\t\t<div class=\"elementor-post__excerpt\">\n\t\t\t<p>On the versatility and complexity of Gustave Eiffel's architecture In mid-January of this year (2020), MMATT Arquitectos was cordially invited by the broadcaster Jalisco Radio to participate in the Cultural Heritage block of Mexico. In an entertaining and interesting interview with the announcer David Mart\u00ednez, we talk about the architecture of<\/p>\n\t\t<\/div>\n\t\t\n\t\t<a class=\"elementor-post__read-more\" href=\"https:\/\/mmatt.mx\/en\/mmatt-arquitectos-en-jalisco-radio-gdl\/\" aria-label=\"Read more about MMATT Arquitectos en Jalisco Radio GDL\" tabindex=\"-1\" >\n\t\t\tLeer m\u00e1s &gt;\t\t<\/a>\n\n\t\t\t\t<\/div>\n\t\t\t\t<\/article>\n\t\t\t\t<article class=\"elementor-post elementor-grid-item post-633 post type-post status-publish format-standard has-post-thumbnail hentry category-noticias\">\n\t\t\t\t<a class=\"elementor-post__thumbnail__link\" href=\"https:\/\/mmatt.mx\/en\/mmatt-en-la-revista-arquitk\/\" tabindex=\"-1\" >\n\t\t\t<div class=\"elementor-post__thumbnail\"><img loading=\"lazy\" decoding=\"async\" width=\"300\" height=\"200\" src=\"https:\/\/mmatt.mx\/wp-content\/uploads\/2022\/05\/CAFE-3-300x200.png\" class=\"attachment-medium size-medium wp-image-314\" alt=\"\" srcset=\"https:\/\/mmatt.mx\/wp-content\/uploads\/2022\/05\/CAFE-3-300x200.png 300w, https:\/\/mmatt.mx\/wp-content\/uploads\/2022\/05\/CAFE-3-768x512.png 768w, https:\/\/mmatt.mx\/wp-content\/uploads\/2022\/05\/CAFE-3-90x60.png 90w, https:\/\/mmatt.mx\/wp-content\/uploads\/2022\/05\/CAFE-3.png 1000w\" sizes=\"(max-width: 300px) 100vw, 300px\" \/><\/div>\n\t\t<\/a>\n\t\t\t\t<div class=\"elementor-post__text\">\n\t\t\t\t<h3 class=\"elementor-post__title\">\n\t\t\t<a href=\"https:\/\/mmatt.mx\/en\/mmatt-en-la-revista-arquitk\/\" >\n\t\t\t\tMMATT in ArquiTK Magazine\t\t\t<\/a>\n\t\t<\/h3>\n\t\t\t\t<div class=\"elementor-post__excerpt\">\n\t\t\t<p>Project \u2013 Private Cafeteria We were entrusted with the design and construction of a cafeteria for an individual, which should have three basic areas, from which our concept started: food processing, dining area and, finally, a recreation space and recreation. With a line of avant-garde and elegant architecture, MMATT<\/p>\n\t\t<\/div>\n\t\t\n\t\t<a class=\"elementor-post__read-more\" href=\"https:\/\/mmatt.mx\/en\/mmatt-en-la-revista-arquitk\/\" aria-label=\"Read more about MMATT en la Revista ArquiTK\" tabindex=\"-1\" >\n\t\t\tLeer m\u00e1s &gt;\t\t<\/a>\n\n\t\t\t\t<\/div>\n\t\t\t\t<\/article>\n\t\t\t\t<article class=\"elementor-post elementor-grid-item post-627 post type-post status-publish format-standard has-post-thumbnail hentry category-noticias\">\n\t\t\t\t<a class=\"elementor-post__thumbnail__link\" href=\"https:\/\/mmatt.mx\/en\/momentos-de-gloria-entrevista-en-mex-pt-it-y-esp\/\" tabindex=\"-1\" >\n\t\t\t<div class=\"elementor-post__thumbnail\"><img loading=\"lazy\" decoding=\"async\" width=\"300\" height=\"179\" src=\"https:\/\/mmatt.mx\/wp-content\/uploads\/2022\/06\/MMATT_Entrevista_PortadaV-1-300x179.png\" class=\"attachment-medium size-medium wp-image-628\" alt=\"\" srcset=\"https:\/\/mmatt.mx\/wp-content\/uploads\/2022\/06\/MMATT_Entrevista_PortadaV-1-300x179.png 300w, https:\/\/mmatt.mx\/wp-content\/uploads\/2022\/06\/MMATT_Entrevista_PortadaV-1-768x458.png 768w, https:\/\/mmatt.mx\/wp-content\/uploads\/2022\/06\/MMATT_Entrevista_PortadaV-1-101x60.png 101w, https:\/\/mmatt.mx\/wp-content\/uploads\/2022\/06\/MMATT_Entrevista_PortadaV-1.png 860w\" sizes=\"(max-width: 300px) 100vw, 300px\" \/><\/div>\n\t\t<\/a>\n\t\t\t\t<div class=\"elementor-post__text\">\n\t\t\t\t<h3 class=\"elementor-post__title\">\n\t\t\t<a href=\"https:\/\/mmatt.mx\/en\/momentos-de-gloria-entrevista-en-mex-pt-it-y-esp\/\" >\n\t\t\t\tMoments of Glory: interview on MEX, PT, IT and ESP\t\t\t<\/a>\n\t\t<\/h3>\n\t\t\t\t<div class=\"elementor-post__excerpt\">\n\t\t\t<p>Interview with Gloria Design Moments Date: July 30, 2020<\/p>\n\t\t<\/div>\n\t\t\n\t\t<a class=\"elementor-post__read-more\" href=\"https:\/\/mmatt.mx\/en\/momentos-de-gloria-entrevista-en-mex-pt-it-y-esp\/\" aria-label=\"Read more about Momentos de Gloria: entrevista en MEX, PT, IT y ESP\" tabindex=\"-1\" >\n\t\t\tLeer m\u00e1s &gt;\t\t<\/a>\n\n\t\t\t\t<\/div>\n\t\t\t\t<\/article>\n\t\t\t\t<\/div>\n\t\t\n\t\t\t\t<\/div>\n\t\t\t\t<\/div>\n\t\t\t\t\t<\/div>\n\t\t<\/div>\n\t\t\t\t\t<\/div>\n\t\t<\/section>\n\t\t\t\t<\/div>","protected":false},"excerpt":{"rendered":"<p>SOMOS MMATT &#8211; Noticias &#8211;<\/p>","protected":false},"author":1,"featured_media":0,"parent":0,"menu_order":0,"comment_status":"closed","ping_status":"closed","template":"elementor_header_footer","meta":{"footnotes":""},"class_list":["post-618","page","type-page","status-publish","hentry"],"_links":{"self":[{"href":"https:\/\/mmatt.mx\/en\/wp-json\/wp\/v2\/pages\/618","targetHints":{"allow":["GET"]}}],"collection":[{"href":"https:\/\/mmatt.mx\/en\/wp-json\/wp\/v2\/pages"}],"about":[{"href":"https:\/\/mmatt.mx\/en\/wp-json\/wp\/v2\/types\/page"}],"author":[{"embeddable":true,"href":"https:\/\/mmatt.mx\/en\/wp-json\/wp\/v2\/users\/1"}],"replies":[{"embeddable":true,"href":"https:\/\/mmatt.mx\/en\/wp-json\/wp\/v2\/comments?post=618"}],"version-history":[{"count":13,"href":"https:\/\/mmatt.mx\/en\/wp-json\/wp\/v2\/pages\/618\/revisions"}],"predecessor-version":[{"id":1281,"href":"https:\/\/mmatt.mx\/en\/wp-json\/wp\/v2\/pages\/618\/revisions\/1281"}],"wp:attachment":[{"href":"https:\/\/mmatt.mx\/en\/wp-json\/wp\/v2\/media?parent=618"}],"curies":[{"name":"wp","href":"https:\/\/api.w.org\/{rel}","templated":true}]}}